{"id":10920,"date":"2023-08-04T15:51:33","date_gmt":"2023-08-04T13:51:33","guid":{"rendered":"https:\/\/centroplaza.es\/clausula-informativa-de-proteccion-de-datos-gestion-del-sistema-de-informacion-interna\/"},"modified":"2023-08-04T16:29:26","modified_gmt":"2023-08-04T14:29:26","slug":"clausula-informativa-de-proteccion-de-datos-gestion-del-sistema-de-informacion-interna","status":"publish","type":"page","link":"https:\/\/centroplaza.es\/en\/clausula-informativa-de-proteccion-de-datos-gestion-del-sistema-de-informacion-interna\/","title":{"rendered":"Informative Clause on Data Protection (Management of the Internal Information System)"},"content":{"rendered":"\n<p><strong>INFORMACI\u00d3N SOBRE PROTECCI\u00d3N DE DATOS<\/strong><\/p>\n\n\n\n<p>En cumplimiento de lo dispuesto en el Reglamento General de Protecci\u00f3n de Datos (UE) 2016\/679 del Parlamento Europeo y del Consejo de 27 de abril de 2016, as\u00ed como en la Ley Org\u00e1nica 3\/2018, de 5 de diciembre, de Protecci\u00f3n de Datos Personales y garant\u00eda de los derechos digitales,<strong> Comunidad de Propietarios Centro Plaza<\/strong> le informa que los datos personales obtenidos mediante la cumplimentaci\u00f3n de este formulario y dem\u00e1s documentos que se adjunten van a ser incorporados al tratamiento de datos descrito a continuaci\u00f3n:<\/p>\n\n\n\n<ul class=\"wp-block-list\">\n<li><strong>Denominaci\u00f3n del Tratamiento:&nbsp;<\/strong>Gesti\u00f3n del Sistema de Informaci\u00f3n Interna.<\/li>\n\n\n\n<li><strong>Responsable:<\/strong>&nbsp;Comunidad de Propietarios Centro Plaza con NIF H29407970 y domicilio en AV. Manolete n\u00ba 1, Oficina 6. 29660 &#8211; Nueva Andaluc\u00eda Merbella. E-mail del DPD:&nbsp;<a href=\"mailto:info@centroplaza.es\" target=\"_blank\" rel=\"noreferrer noopener\">info@centroplaza.es<\/a>.<\/li>\n\n\n\n<li><strong>Finalidad:&nbsp;<\/strong>Gesti\u00f3n de los datos personales de los informantes y afectados por las comunicaciones realizadas con el objeto de procesar e investigar, de manera confidencial, las mismas relativas a infracciones e incumplimientos legales, as\u00ed como de la normativa interna de la Entidad.<\/li>\n\n\n\n<li><strong>Legitimaci\u00f3n:<\/strong>&nbsp;RGPD: 6.1.c) Tratamiento necesario por la obligaci\u00f3n legal impuesta en la Ley 2\/2023, de 20 de febrero, reguladora de la protecci\u00f3n de las personas que informen sobre infracciones normativas y de lucha contra la corrupci\u00f3n; RGPD: 6.1.e) Si dicho tratamiento de datos no fuese obligatorio, la base de legitimaci\u00f3n es la necesidad de cumplir con una misi\u00f3n de inter\u00e9s p\u00fablico, de acuerdo con lo establecido en la mencionada Ley.&nbsp;<\/li>\n\n\n\n<li><strong>Plazo de conservaci\u00f3n:<\/strong>&nbsp;Se conservar\u00e1n durante el imprescindible para cumplir con la finalidad para la que se recabaron y para determinar las posibles responsabilidades que se pudieran derivar de dicha finalidad y del tratamiento de los datos, as\u00ed como para el cumplimiento de las obligaciones legales que correspondan. Si se acreditara que la informaci\u00f3n facilitada o parte de ella no es veraz, proceder\u00e1 a su inmediata supresi\u00f3n desde el momento en que se tenga constancia de dicha circunstancia, salvo que dicha falta de veracidad pueda constituir un il\u00edcito penal, en cuyo caso se guardar\u00e1 la informaci\u00f3n por el tiempo necesario durante el que se tramite el procedimiento judicial. Transcurridos tres meses desde la recepci\u00f3n de la comunicaci\u00f3n sin que se hubiesen iniciado actuaciones de investigaci\u00f3n, se proceder\u00e1 a su supresi\u00f3n, salvo que la finalidad de la conservaci\u00f3n sea dejar evidencia del funcionamiento del sistema. Las comunicaciones a las que no se haya dado curso constar\u00e1n de forma anonimizada.<\/li>\n\n\n\n<li><strong>Existencia de decisiones automatizadas o elaboraci\u00f3n de perfiles:<\/strong>&nbsp;No procede.<\/li>\n\n\n\n<li><strong>Transferencias internacionales de datos:<\/strong>&nbsp;No est\u00e1n previstas.<\/li>\n\n\n\n<li><strong>Destinatarios:&nbsp;<\/strong>Los datos aportados ser\u00e1n tratados y, cuando sea imprescindible, cedidos a terceras partes interesadas, asesores o autoridades p\u00fablicas con el fin de investigar y esclarecer los hechos comunicados, as\u00ed como interponer las acciones legales y\/o disciplinarias correspondientes, todo ello, de acuerdo con lo establecido en los art\u00edculos 32.1 y 33.3 de la Ley 2\/2023. En ning\u00fan caso se desvelar\u00e1 la identidad de la persona informante a aquellas a los que se refieren los hechos comunicados.&nbsp;<\/li>\n\n\n\n<li><strong>Derechos:<\/strong>&nbsp;Acceder, rectificar, suprimir, oponerse o solicitar la limitaci\u00f3n del tratamiento respecto a los datos personales relativos a las personas afectadas. En caso de que el tratamiento de datos est\u00e9 basado en el consentimiento, el interesado podr\u00e1 retirarlo en cualquier momento. En el caso de que las personas a las que se refieren los hechos comunicados ejerciesen el derecho de oposici\u00f3n, se presumir\u00e1 que, salvo prueba en contrario, existen motivos leg\u00edtimos imperiosos que legitiman el tratamiento de sus datos personales.<\/li>\n<\/ul>\n\n\n\n<p>De acuerdo con lo previsto en el citado Reglamento General de Protecci\u00f3n de Datos (RGPD), puede ejercitar los derechos de acceso, rectificaci\u00f3n, supresi\u00f3n, oposici\u00f3n y limitaci\u00f3n del tratamiento, dirigi\u00e9ndose por escrito a nuestro Delegado de Protecci\u00f3n de Datos enviando un correo a la direcci\u00f3n: <a href=\"mailto:info@centroplaza.es\" target=\"_blank\" rel=\"noreferrer noopener\">info@centroplaza.es<\/a>, indicando como Asunto: \u201cDerechos Ley Protecci\u00f3n de Datos\u201d, y adjuntando fotocopia de su DNI. En el caso de no recibir respuesta, o si la respuesta recibida fuese insatisfactoria, puede interponer una reclamaci\u00f3n de tutela de sus derechos ante la Agencia Espa\u00f1ola de Protecci\u00f3n de Datos (AEPD).<\/p>\n","protected":false},"excerpt":{"rendered":"<p>INFORMACI\u00d3N SOBRE PROTECCI\u00d3N DE DATOS En cumplimiento de lo dispuesto en el Reglamento General de Protecci\u00f3n de Datos (UE) 2016\/679&#8230;<\/p>\n","protected":false},"author":3,"featured_media":0,"parent":0,"menu_order":0,"comment_status":"closed","ping_status":"closed","template":"","meta":{"twitterCardType":"","cardImageID":0,"cardImage":"","cardTitle":"","cardDesc":"","cardImageAlt":"","cardPlayer":"","cardPlayerWidth":0,"cardPlayerHeight":0,"cardPlayerStream":"","cardPlayerCodec":"","footnotes":""},"class_list":["post-10920","page","type-page","status-publish"],"yoast_head":"<!-- This site is optimized with the Yoast SEO plugin v27.5 - https:\/\/yoast.com\/product\/yoast-seo-wordpress\/ -->\n<title>Informative Clause on Data Protection (Management of the Internal Information System) - Centro Plaza<\/title>\n<meta name=\"description\" content=\"INFORMACI\u00d3N SOBRE PROTECCI\u00d3N DE DATOS En cumplimiento de lo dispuesto en el Reglamento General de Protecci\u00f3n de Datos (UE) 2016\/679 del Parlamento Europeo\" \/>\n<meta name=\"robots\" content=\"noindex, nofollow\" \/>\n<meta property=\"og:locale\" content=\"en_US\" \/>\n<meta property=\"og:type\" content=\"article\" \/>\n<meta property=\"og:title\" content=\"Informative Clause on Data Protection (Management of the Internal Information System) - Centro Plaza\" \/>\n<meta property=\"og:description\" content=\"INFORMACI\u00d3N SOBRE PROTECCI\u00d3N DE DATOS En cumplimiento de lo dispuesto en el Reglamento General de Protecci\u00f3n de Datos (UE) 2016\/679 del Parlamento Europeo\" \/>\n<meta property=\"og:url\" content=\"https:\/\/centroplaza.es\/en\/clausula-informativa-de-proteccion-de-datos-gestion-del-sistema-de-informacion-interna\/\" \/>\n<meta property=\"og:site_name\" content=\"Centro Plaza\" \/>\n<meta property=\"article:publisher\" content=\"https:\/\/www.facebook.com\/pages\/Centro-Plaza\/108519365943928\" \/>\n<meta property=\"article:modified_time\" content=\"2023-08-04T14:29:26+00:00\" \/>\n<meta property=\"og:image\" content=\"https:\/\/centroplaza.es\/wp-content\/uploads\/2015\/01\/3bd2cf08-502e-45da-a60a-b1d7248ce4b0.jpg\" \/>\n<meta name=\"twitter:card\" content=\"summary_large_image\" \/>\n<meta name=\"twitter:site\" content=\"@centroplaza_\" \/>\n<script type=\"application\/ld+json\" class=\"yoast-schema-graph\">{\"@context\":\"https:\\\/\\\/schema.org\",\"@graph\":[{\"@type\":\"WebPage\",\"@id\":\"https:\\\/\\\/centroplaza.es\\\/en\\\/clausula-informativa-de-proteccion-de-datos-gestion-del-sistema-de-informacion-interna\\\/\",\"url\":\"https:\\\/\\\/centroplaza.es\\\/en\\\/clausula-informativa-de-proteccion-de-datos-gestion-del-sistema-de-informacion-interna\\\/\",\"name\":\"Informative Clause on Data Protection (Management of the Internal Information System) - Centro Plaza\",\"isPartOf\":{\"@id\":\"https:\\\/\\\/centroplaza.es\\\/#website\"},\"datePublished\":\"2023-08-04T13:51:33+00:00\",\"dateModified\":\"2023-08-04T14:29:26+00:00\",\"description\":\"INFORMACI\u00d3N SOBRE PROTECCI\u00d3N DE DATOS En cumplimiento de lo dispuesto en el Reglamento General de Protecci\u00f3n de Datos (UE) 2016\\\/679 del Parlamento Europeo\",\"inLanguage\":\"en-US\",\"potentialAction\":[{\"@type\":\"ReadAction\",\"target\":[\"https:\\\/\\\/centroplaza.es\\\/en\\\/clausula-informativa-de-proteccion-de-datos-gestion-del-sistema-de-informacion-interna\\\/\"]}]},{\"@type\":\"WebSite\",\"@id\":\"https:\\\/\\\/centroplaza.es\\\/#website\",\"url\":\"https:\\\/\\\/centroplaza.es\\\/\",\"name\":\"Centro Plaza\",\"description\":\"Centro Comercial en Marbella\",\"potentialAction\":[{\"@type\":\"SearchAction\",\"target\":{\"@type\":\"EntryPoint\",\"urlTemplate\":\"https:\\\/\\\/centroplaza.es\\\/?s={search_term_string}\"},\"query-input\":{\"@type\":\"PropertyValueSpecification\",\"valueRequired\":true,\"valueName\":\"search_term_string\"}}],\"inLanguage\":\"en-US\"}]}<\/script>\n<!-- \/ Yoast SEO plugin. -->","yoast_head_json":{"title":"Informative Clause on Data Protection (Management of the Internal Information System) - Centro Plaza","description":"INFORMACI\u00d3N SOBRE PROTECCI\u00d3N DE DATOS En cumplimiento de lo dispuesto en el Reglamento General de Protecci\u00f3n de Datos (UE) 2016\/679 del Parlamento Europeo","robots":{"index":"noindex","follow":"nofollow"},"og_locale":"en_US","og_type":"article","og_title":"Informative Clause on Data Protection (Management of the Internal Information System) - Centro Plaza","og_description":"INFORMACI\u00d3N SOBRE PROTECCI\u00d3N DE DATOS En cumplimiento de lo dispuesto en el Reglamento General de Protecci\u00f3n de Datos (UE) 2016\/679 del Parlamento Europeo","og_url":"https:\/\/centroplaza.es\/en\/clausula-informativa-de-proteccion-de-datos-gestion-del-sistema-de-informacion-interna\/","og_site_name":"Centro Plaza","article_publisher":"https:\/\/www.facebook.com\/pages\/Centro-Plaza\/108519365943928","article_modified_time":"2023-08-04T14:29:26+00:00","og_image":[{"url":"https:\/\/centroplaza.es\/wp-content\/uploads\/2015\/01\/3bd2cf08-502e-45da-a60a-b1d7248ce4b0.jpg","type":"","width":"","height":""}],"twitter_card":"summary_large_image","twitter_site":"@centroplaza_","schema":{"@context":"https:\/\/schema.org","@graph":[{"@type":"WebPage","@id":"https:\/\/centroplaza.es\/en\/clausula-informativa-de-proteccion-de-datos-gestion-del-sistema-de-informacion-interna\/","url":"https:\/\/centroplaza.es\/en\/clausula-informativa-de-proteccion-de-datos-gestion-del-sistema-de-informacion-interna\/","name":"Informative Clause on Data Protection (Management of the Internal Information System) - Centro Plaza","isPartOf":{"@id":"https:\/\/centroplaza.es\/#website"},"datePublished":"2023-08-04T13:51:33+00:00","dateModified":"2023-08-04T14:29:26+00:00","description":"INFORMACI\u00d3N SOBRE PROTECCI\u00d3N DE DATOS En cumplimiento de lo dispuesto en el Reglamento General de Protecci\u00f3n de Datos (UE) 2016\/679 del Parlamento Europeo","inLanguage":"en-US","potentialAction":[{"@type":"ReadAction","target":["https:\/\/centroplaza.es\/en\/clausula-informativa-de-proteccion-de-datos-gestion-del-sistema-de-informacion-interna\/"]}]},{"@type":"WebSite","@id":"https:\/\/centroplaza.es\/#website","url":"https:\/\/centroplaza.es\/","name":"Centro Plaza","description":"Centro Comercial en Marbella","potentialAction":[{"@type":"SearchAction","target":{"@type":"EntryPoint","urlTemplate":"https:\/\/centroplaza.es\/?s={search_term_string}"},"query-input":{"@type":"PropertyValueSpecification","valueRequired":true,"valueName":"search_term_string"}}],"inLanguage":"en-US"}]}},"_links":{"self":[{"href":"https:\/\/centroplaza.es\/en\/wp-json\/wp\/v2\/pages\/10920","targetHints":{"allow":["GET"]}}],"collection":[{"href":"https:\/\/centroplaza.es\/en\/wp-json\/wp\/v2\/pages"}],"about":[{"href":"https:\/\/centroplaza.es\/en\/wp-json\/wp\/v2\/types\/page"}],"author":[{"embeddable":true,"href":"https:\/\/centroplaza.es\/en\/wp-json\/wp\/v2\/users\/3"}],"replies":[{"embeddable":true,"href":"https:\/\/centroplaza.es\/en\/wp-json\/wp\/v2\/comments?post=10920"}],"version-history":[{"count":1,"href":"https:\/\/centroplaza.es\/en\/wp-json\/wp\/v2\/pages\/10920\/revisions"}],"predecessor-version":[{"id":10921,"href":"https:\/\/centroplaza.es\/en\/wp-json\/wp\/v2\/pages\/10920\/revisions\/10921"}],"wp:attachment":[{"href":"https:\/\/centroplaza.es\/en\/wp-json\/wp\/v2\/media?parent=10920"}],"curies":[{"name":"wp","href":"https:\/\/api.w.org\/{rel}","templated":true}]}}